{"id":1345,"date":"2025-12-19T15:15:28","date_gmt":"2025-12-19T15:15:28","guid":{"rendered":"https:\/\/nrh-fotografie.de\/?page_id=1345"},"modified":"2026-03-04T13:18:11","modified_gmt":"2026-03-04T13:18:11","slug":"about-me","status":"publish","type":"page","link":"https:\/\/nrh-fotografie.de\/en\/about-me\/","title":{"rendered":"About Me"},"content":{"rendered":"\t\t<div data-elementor-type=\"wp-page\" data-elementor-id=\"1345\" class=\"elementor elementor-1345\" data-elementor-post-type=\"page\">\n\t\t\t\t<div class=\"elementor-element elementor-element-e67d87 animated-slow e-flex e-con-boxed elementor-invisible e-con e-parent\" data-id=\"e67d87\" data-element_type=\"container\" data-e-type=\"container\" data-settings=\"{&quot;background_background&quot;:&quot;classic&quot;,&quot;motion_fx_motion_fx_scrolling&quot;:&quot;yes&quot;,&quot;animation&quot;:&quot;fadeIn&quot;,&quot;motion_fx_devices&quot;:[&quot;desktop&quot;,&quot;tablet_extra&quot;,&quot;tablet&quot;,&quot;mobile&quot;]}\">\n\t\t\t\t\t<div class=\"e-con-inner\">\n\t\t\t\t<div class=\"elementor-element elementor-element-76170782 elementor-widget elementor-widget-heading\" data-id=\"76170782\" data-element_type=\"widget\" data-e-type=\"widget\" data-widget_type=\"heading.default\">\n\t\t\t\t\t<h2 class=\"elementor-heading-title elementor-size-default\">It's Me<br>Based in <br>Mainz<\/h2>\t\t\t\t<\/div>\n\t\t\t\t\t<\/div>\n\t\t\t\t<\/div>\n\t\t<div class=\"elementor-element elementor-element-57c2d21e e-flex e-con-boxed e-con e-parent\" data-id=\"57c2d21e\" data-element_type=\"container\" data-e-type=\"container\">\n\t\t\t\t\t<div class=\"e-con-inner\">\n\t\t\t\t<div class=\"elementor-element elementor-element-285ffc51 elementor-widget elementor-widget-heading\" data-id=\"285ffc51\" data-element_type=\"widget\" data-e-type=\"widget\" data-widget_type=\"heading.default\">\n\t\t\t\t\t<h2 class=\"elementor-heading-title elementor-size-default\">Hi, ich bin Nicole<\/h2>\t\t\t\t<\/div>\n\t\t\t\t<div class=\"elementor-element elementor-element-56e797a4 elementor-widget elementor-widget-heading\" data-id=\"56e797a4\" data-element_type=\"widget\" data-e-type=\"widget\" data-widget_type=\"heading.default\">\n\t\t\t\t\t<h2 class=\"elementor-heading-title elementor-size-default\">Emotionen aus Leidenschaft einfangen<\/h2>\t\t\t\t<\/div>\n\t\t\t\t<div class=\"elementor-element elementor-element-54832970 elementor-widget__width-initial elementor-widget-mobile__width-inherit elementor-widget elementor-widget-text-editor\" data-id=\"54832970\" data-element_type=\"widget\" data-e-type=\"widget\" data-widget_type=\"text-editor.default\">\n\t\t\t\t\t\t\t\t\t<p>Ich halte mit meinen Fotos einzigartige Geschichten f\u00fcr die Ewigkeit fest.\u00a0<\/p><p>\u00a0<\/p><p>Jeder der mich bereits kennengelernt habt, wei\u00df, dass ich mit gro\u00dfer Verantwortung, Leidenschaft und viel Liebe zum Detail Momente betrachte. Jeder Mensch ist individuell.\u00a0\u00a0Jeder bringt seine eigene Geschichte mit. Manche tragen ihr Herz auf der Zunge, andere wiederum sind eher in sich gekehrt. Meine Herausforderung ist es, eure pers\u00f6nliche Geschichte zu erkennen, sie mit meiner Kamera einzufangen und\u00a0\u00a0mit meinen Fotos zu erz\u00e4hlen.<\/p>\t\t\t\t\t\t\t\t<\/div>\n\t\t\t\t\t<\/div>\n\t\t\t\t<\/div>\n\t\t<div class=\"elementor-element elementor-element-3ef982e1 e-flex e-con-boxed e-con e-parent\" data-id=\"3ef982e1\" data-element_type=\"container\" data-e-type=\"container\" data-settings=\"{&quot;background_background&quot;:&quot;classic&quot;}\">\n\t\t\t\t\t<div class=\"e-con-inner\">\n\t\t\t\t<div class=\"elementor-element elementor-element-4ac58120 elementor-widget elementor-widget-text-editor\" data-id=\"4ac58120\" data-element_type=\"widget\" data-e-type=\"widget\" data-widget_type=\"text-editor.default\">\n\t\t\t\t\t\t\t\t\t<p>\u201ePeople will forget what you did,<\/p><p>but they will never forget how you made them feel!\u201d<\/p>\t\t\t\t\t\t\t\t<\/div>\n\t\t\t\t<div class=\"elementor-element elementor-element-45d5db0b elementor-widget elementor-widget-text-editor\" data-id=\"45d5db0b\" data-element_type=\"widget\" data-e-type=\"widget\" data-widget_type=\"text-editor.default\">\n\t\t\t\t\t\t\t\t\t<p><em>(Maya Angelou)<\/em><\/p>\t\t\t\t\t\t\t\t<\/div>\n\t\t\t\t\t<\/div>\n\t\t\t\t<\/div>\n\t\t<div class=\"elementor-element elementor-element-6adf2de e-flex e-con-boxed e-con e-parent\" data-id=\"6adf2de\" data-element_type=\"container\" data-e-type=\"container\">\n\t\t\t\t\t<div class=\"e-con-inner\">\n\t\t<div class=\"elementor-element elementor-element-7d037142 e-con-full e-flex e-con e-child\" data-id=\"7d037142\" data-element_type=\"container\" data-e-type=\"container\" data-settings=\"{&quot;background_background&quot;:&quot;classic&quot;}\">\n\t\t\t\t<div class=\"elementor-element elementor-element-2351e5ee elementor-widget elementor-widget-image\" data-id=\"2351e5ee\" data-element_type=\"widget\" data-e-type=\"widget\" data-widget_type=\"image.default\">\n\t\t\t\t\t\t\t\t\t\t\t\t\t\t\t<img fetchpriority=\"high\" decoding=\"async\" width=\"746\" height=\"1008\" src=\"https:\/\/nrh-fotografie.de\/wp-content\/uploads\/2025\/12\/Mallorca_ich_NRH-3106.jpg\" class=\"attachment-large size-large wp-image-1363\" alt=\"NRH Fotografie, Nicole, Fotografin\" srcset=\"https:\/\/nrh-fotografie.de\/wp-content\/uploads\/2025\/12\/Mallorca_ich_NRH-3106.jpg 746w, https:\/\/nrh-fotografie.de\/wp-content\/uploads\/2025\/12\/Mallorca_ich_NRH-3106-222x300.jpg 222w, https:\/\/nrh-fotografie.de\/wp-content\/uploads\/2025\/12\/Mallorca_ich_NRH-3106-9x12.jpg 9w\" sizes=\"(max-width: 746px) 100vw, 746px\" \/>\t\t\t\t\t\t\t\t\t\t\t\t\t\t\t<\/div>\n\t\t\t\t<\/div>\n\t\t<div class=\"elementor-element elementor-element-795e297b e-con-full e-flex e-con e-child\" data-id=\"795e297b\" data-element_type=\"container\" data-e-type=\"container\">\n\t\t\t\t<div class=\"elementor-element elementor-element-80e8743 elementor-widget elementor-widget-heading\" data-id=\"80e8743\" data-element_type=\"widget\" data-e-type=\"widget\" data-widget_type=\"heading.default\">\n\t\t\t\t\t<h1 class=\"elementor-heading-title elementor-size-default\">Hochzeitsfotografin aus Mainz f\u00fcr echt Verliebte<\/h1>\t\t\t\t<\/div>\n\t\t\t\t<div class=\"elementor-element elementor-element-6ceeeb48 elementor-widget elementor-widget-text-editor\" data-id=\"6ceeeb48\" data-element_type=\"widget\" data-e-type=\"widget\" data-widget_type=\"text-editor.default\">\n\t\t\t\t\t\t\t\t\t<p>Ich bin eine Um-die-Ecke-Denkerin, Mutmacherin, Zuh\u00f6rerin und Selbstrednerin zugleich. Ich liebe meine Familie und die gemeinsame Zeit \u2013 aber auch die Freiheit mal mit mir allein sein zu d\u00fcrfen. Freunde und kreative Menschen inspirieren mich und weisen mir immer wieder aufs Neue den Weg. Meine fotografische Vision, \u201eGeschichten in Fotos zu erz\u00e4hlen\u201c, ist meine Motivation. Mir noch unbekannte Pers\u00f6nlichkeiten zu treffen und sie durch die Fotografie kennenzulernen, befriedigt meine gro\u00dfe Neugier aufs Leben.<\/p><p>\u00a0<\/p><p>Bereits im zarten Altern von 16 Jahren war mein Berufswunsch \u201eFotografin\u201c. Da man mit k\u00fcnstlerischen Jobs jedoch kein Brot verdient, so meine Eltern damals, begann ich meine berufliche Karriere vorerst mit einer Ausbildung im ZDF und einem anschlie\u00dfenden BWL\/Marketingstudium in Mainz. Erst mein berufsbegleitendes Grafikdesign-Studium brachte mich wieder auf die kreative Spur zur\u00fcck.<\/p>\t\t\t\t\t\t\t\t<\/div>\n\t\t\t\t<\/div>\n\t\t\t\t\t<\/div>\n\t\t\t\t<\/div>\n\t\t<div class=\"elementor-element elementor-element-1a41867 e-flex e-con-boxed e-con e-parent\" data-id=\"1a41867\" data-element_type=\"container\" data-e-type=\"container\">\n\t\t\t\t\t<div class=\"e-con-inner\">\n\t\t\t\t<div class=\"elementor-element elementor-element-8113c97 elementor-widget elementor-widget-text-editor\" data-id=\"8113c97\" data-element_type=\"widget\" data-e-type=\"widget\" data-widget_type=\"text-editor.default\">\n\t\t\t\t\t\t\t\t\t<p>\u201eDas reine urspr\u00fcngliche Bauchgef\u00fchl, <br \/>spricht die direkte Sprache der Seele\u201d<\/p>\t\t\t\t\t\t\t\t<\/div>\n\t\t\t\t<div class=\"elementor-element elementor-element-42c63b4b elementor-widget__width-initial elementor-widget-mobile__width-inherit elementor-widget elementor-widget-text-editor\" data-id=\"42c63b4b\" data-element_type=\"widget\" data-e-type=\"widget\" data-widget_type=\"text-editor.default\">\n\t\t\t\t\t\t\t\t\t<p>Als mich vor mehr als zw\u00f6lf Jahren eine Freundin fragte, ob ich ihr neugeborenes Baby fotografieren w\u00fcrde, wurde aus der klein gehaltenen Glut der Fotografie wieder ein loderndes Feuer. Das dies die Verwandlung von der Hobbyfotografie zur Berufsfotografie sein w\u00fcrde, war mir zu diesem Zeitpunkt noch nicht klar. Mit einer minimalen Ausr\u00fcstung an technischem Equipment und geringem Wissen begann meine gro\u00dfe Reise.<br \/><br \/>Die Shooting-Termine wurden mehr und es kamen weitere Bereiche der Peoplefotografie wie Hochzeiten, Portrait, Familie &amp; Paar hinzu. Meine Neugier trieb mich an, immer besser zu werden und Neues zu entdecken.\u00a0<\/p><p>Da ich selbst Mama bin, f\u00e4llt es mir leicht, auch auf die Kleinsten einzugehen. Diese zauberhaften Momente zwischen frischgebackenen Eltern und ihren Kindern zu erleben, euch an besonderen Momenten in eurem Leben zu begleiten und eure Geschichten dabei fotografisch zu erz\u00e4hlen, zeigen mir jedes Mal aufs Neue, weshalb ich meine Arbeit so sehr liebe. Mein Herz h\u00fcpft, wenn ich eure R\u00fcckmeldungen lese, nachdem ihr die Fotos erhalten habt.<\/p><p>Was mich dabei am gl\u00fccklichsten macht? Dass ich euch mit meinen Fotos gleichzeitig etwas so Pers\u00f6nliches und Wertvolles zur\u00fcckgeben kann.<\/p><p>Lass mich auch Teil eurer Geschichte sein! \u00a0<\/p>\t\t\t\t\t\t\t\t<\/div>\n\t\t\t\t<div class=\"elementor-element elementor-element-ea1f41 elementor-widget__width-initial elementor-widget-tablet__width-initial e-transform elementor-widget-tablet_extra__width-initial elementor-widget elementor-widget-image\" data-id=\"ea1f41\" data-element_type=\"widget\" data-e-type=\"widget\" data-settings=\"{&quot;_transform_rotateZ_effect&quot;:{&quot;unit&quot;:&quot;px&quot;,&quot;size&quot;:-10,&quot;sizes&quot;:[]},&quot;_transform_rotateZ_effect_tablet_extra&quot;:{&quot;unit&quot;:&quot;deg&quot;,&quot;size&quot;:&quot;&quot;,&quot;sizes&quot;:[]},&quot;_transform_rotateZ_effect_tablet&quot;:{&quot;unit&quot;:&quot;deg&quot;,&quot;size&quot;:&quot;&quot;,&quot;sizes&quot;:[]},&quot;_transform_rotateZ_effect_mobile&quot;:{&quot;unit&quot;:&quot;deg&quot;,&quot;size&quot;:&quot;&quot;,&quot;sizes&quot;:[]}}\" data-widget_type=\"image.default\">\n\t\t\t\t\t\t\t\t\t\t\t\t\t\t\t<img decoding=\"async\" width=\"625\" height=\"353\" src=\"https:\/\/nrh-fotografie.de\/wp-content\/uploads\/2025\/12\/Unbenannt_Nicole.png\" class=\"attachment-full size-full wp-image-1368\" alt=\"\" srcset=\"https:\/\/nrh-fotografie.de\/wp-content\/uploads\/2025\/12\/Unbenannt_Nicole.png 625w, https:\/\/nrh-fotografie.de\/wp-content\/uploads\/2025\/12\/Unbenannt_Nicole-300x169.png 300w, https:\/\/nrh-fotografie.de\/wp-content\/uploads\/2025\/12\/Unbenannt_Nicole-18x10.png 18w\" sizes=\"(max-width: 625px) 100vw, 625px\" \/>\t\t\t\t\t\t\t\t\t\t\t\t\t\t\t<\/div>\n\t\t\t\t\t<\/div>\n\t\t\t\t<\/div>\n\t\t<div class=\"elementor-element elementor-element-44c32a13 e-flex e-con-boxed e-con e-parent\" data-id=\"44c32a13\" data-element_type=\"container\" data-e-type=\"container\">\n\t\t\t\t\t<div class=\"e-con-inner\">\n\t\t\t\t<div class=\"elementor-element elementor-element-2f431266 elementor-widget elementor-widget-text-editor\" data-id=\"2f431266\" data-element_type=\"widget\" data-e-type=\"widget\" data-widget_type=\"text-editor.default\">\n\t\t\t\t\t\t\t\t\t<p>Du m\u00f6chtest noch mehr von mir wissen<\/p>\t\t\t\t\t\t\t\t<\/div>\n\t\t\t\t<div class=\"elementor-element elementor-element-6845b910 elementor-widget__width-initial elementor-widget elementor-widget-text-editor\" data-id=\"6845b910\" data-element_type=\"widget\" data-e-type=\"widget\" data-widget_type=\"text-editor.default\">\n\t\t\t\t\t\t\t\t\t<p>Dann h\u00f6re gerne hier rein<\/p>\t\t\t\t\t\t\t\t<\/div>\n\t\t\t\t<div class=\"elementor-element elementor-element-17f13d7e elementor-widget__width-inherit elementor-widget elementor-widget-html\" data-id=\"17f13d7e\" data-element_type=\"widget\" data-e-type=\"widget\" data-widget_type=\"html.default\">\n\t\t\t\t\t<iframe data-testid=\"embed-iframe\" style=\"border-radius:12px\" src=\"https:\/\/open.spotify.com\/embed\/episode\/3rCrpteyptXV7vjVVwPTHV?utm_source=generator\" width=\"100%\" height=\"352\" frameBorder=\"0\" allowfullscreen=\"\" allow=\"autoplay; clipboard-write; encrypted-media; fullscreen; picture-in-picture\" loading=\"lazy\"><\/iframe>\t\t\t\t<\/div>\n\t\t\t\t\t<\/div>\n\t\t\t\t<\/div>\n\t\t<div class=\"elementor-element elementor-element-19e3e6dc e-flex e-con-boxed e-con e-parent\" data-id=\"19e3e6dc\" data-element_type=\"container\" data-e-type=\"container\" data-settings=\"{&quot;background_background&quot;:&quot;classic&quot;}\">\n\t\t\t\t\t<div class=\"e-con-inner\">\n\t\t\t\t<div class=\"elementor-element elementor-element-35786084 elementor-widget__width-initial elementor-widget-mobile__width-inherit elementor-view-default elementor-position-block-start elementor-mobile-position-block-start elementor-widget elementor-widget-icon-box\" data-id=\"35786084\" data-element_type=\"widget\" data-e-type=\"widget\" data-widget_type=\"icon-box.default\">\n\t\t\t\t\t\t\t<div class=\"elementor-icon-box-wrapper\">\n\n\t\t\t\t\t\t<div class=\"elementor-icon-box-icon\">\n\t\t\t\t<span  class=\"elementor-icon\">\n\t\t\t\t<svg aria-hidden=\"true\" class=\"e-font-icon-svg e-fas-heart\" viewBox=\"0 0 512 512\" xmlns=\"http:\/\/www.w3.org\/2000\/svg\"><path d=\"M462.3 62.6C407.5 15.9 326 24.3 275.7 76.2L256 96.5l-19.7-20.3C186.1 24.3 104.5 15.9 49.7 62.6c-62.8 53.6-66.1 149.8-9.9 207.9l193.5 199.8c12.5 12.9 32.8 12.9 45.3 0l193.5-199.8c56.3-58.1 53-154.3-9.8-207.9z\"><\/path><\/svg>\t\t\t\t<\/span>\n\t\t\t<\/div>\n\t\t\t\n\t\t\t\t\t\t<div class=\"elementor-icon-box-content\">\n\n\t\t\t\t\t\t\t\t\t<h3 class=\"elementor-icon-box-title\">\n\t\t\t\t\t\t<span  >\n\t\t\t\t\t\t\t100 % Leidenschaft\u200b\t\t\t\t\t\t<\/span>\n\t\t\t\t\t<\/h3>\n\t\t\t\t\n\t\t\t\t\t\t\t\t\t<p class=\"elementor-icon-box-description\">\n\t\t\t\t\t\timmer\t\t\t\t\t<\/p>\n\t\t\t\t\n\t\t\t<\/div>\n\t\t\t\n\t\t<\/div>\n\t\t\t\t\t\t<\/div>\n\t\t\t\t<div class=\"elementor-element elementor-element-3d7e3e1a elementor-widget__width-initial elementor-widget-mobile__width-inherit elementor-view-default elementor-position-block-start elementor-mobile-position-block-start elementor-widget elementor-widget-icon-box\" data-id=\"3d7e3e1a\" data-element_type=\"widget\" data-e-type=\"widget\" data-widget_type=\"icon-box.default\">\n\t\t\t\t\t\t\t<div class=\"elementor-icon-box-wrapper\">\n\n\t\t\t\t\t\t<div class=\"elementor-icon-box-icon\">\n\t\t\t\t<span  class=\"elementor-icon\">\n\t\t\t\t<svg aria-hidden=\"true\" class=\"e-font-icon-svg e-fas-camera\" viewBox=\"0 0 512 512\" xmlns=\"http:\/\/www.w3.org\/2000\/svg\"><path d=\"M512 144v288c0 26.5-21.5 48-48 48H48c-26.5 0-48-21.5-48-48V144c0-26.5 21.5-48 48-48h88l12.3-32.9c7-18.7 24.9-31.1 44.9-31.1h125.5c20 0 37.9 12.4 44.9 31.1L376 96h88c26.5 0 48 21.5 48 48zM376 288c0-66.2-53.8-120-120-120s-120 53.8-120 120 53.8 120 120 120 120-53.8 120-120zm-32 0c0 48.5-39.5 88-88 88s-88-39.5-88-88 39.5-88 88-88 88 39.5 88 88z\"><\/path><\/svg>\t\t\t\t<\/span>\n\t\t\t<\/div>\n\t\t\t\n\t\t\t\t\t\t<div class=\"elementor-icon-box-content\">\n\n\t\t\t\t\t\t\t\t\t<h3 class=\"elementor-icon-box-title\">\n\t\t\t\t\t\t<span  >\n\t\t\t\t\t\t\t10 Jahre Erfahrung\t\t\t\t\t\t<\/span>\n\t\t\t\t\t<\/h3>\n\t\t\t\t\n\t\t\t\t\t\t\t\t\t<p class=\"elementor-icon-box-description\">\n\t\t\t\t\t\tmit Herz\t\t\t\t\t<\/p>\n\t\t\t\t\n\t\t\t<\/div>\n\t\t\t\n\t\t<\/div>\n\t\t\t\t\t\t<\/div>\n\t\t\t\t<div class=\"elementor-element elementor-element-335c8cca elementor-widget__width-initial elementor-widget-mobile__width-inherit elementor-view-default elementor-position-block-start elementor-mobile-position-block-start elementor-widget elementor-widget-icon-box\" data-id=\"335c8cca\" data-element_type=\"widget\" data-e-type=\"widget\" data-widget_type=\"icon-box.default\">\n\t\t\t\t\t\t\t<div class=\"elementor-icon-box-wrapper\">\n\n\t\t\t\t\t\t<div class=\"elementor-icon-box-icon\">\n\t\t\t\t<span  class=\"elementor-icon\">\n\t\t\t\t<svg aria-hidden=\"true\" class=\"e-font-icon-svg e-fas-star\" viewBox=\"0 0 576 512\" xmlns=\"http:\/\/www.w3.org\/2000\/svg\"><path d=\"M259.3 17.8L194 150.2 47.9 171.5c-26.2 3.8-36.7 36.1-17.7 54.6l105.7 103-25 145.5c-4.5 26.3 23.2 46 46.4 33.7L288 439.6l130.7 68.7c23.2 12.2 50.9-7.4 46.4-33.7l-25-145.5 105.7-103c19-18.5 8.5-50.8-17.7-54.6L382 150.2 316.7 17.8c-11.7-23.6-45.6-23.9-57.4 0z\"><\/path><\/svg>\t\t\t\t<\/span>\n\t\t\t<\/div>\n\t\t\t\n\t\t\t\t\t\t<div class=\"elementor-icon-box-content\">\n\n\t\t\t\t\t\t\t\t\t<h3 class=\"elementor-icon-box-title\">\n\t\t\t\t\t\t<span  >\n\t\t\t\t\t\t\t\u00dcber 70  5-Sterne Bewertungen\t\t\t\t\t\t<\/span>\n\t\t\t\t\t<\/h3>\n\t\t\t\t\n\t\t\t\t\t\t\t\t\t<p class=\"elementor-icon-box-description\">\n\t\t\t\t\t\tauf Google\t\t\t\t\t<\/p>\n\t\t\t\t\n\t\t\t<\/div>\n\t\t\t\n\t\t<\/div>\n\t\t\t\t\t\t<\/div>\n\t\t\t\t\t<\/div>\n\t\t\t\t<\/div>\n\t\t<div class=\"elementor-element elementor-element-c15f205 e-flex e-con-boxed e-con e-child\" data-id=\"c15f205\" data-element_type=\"container\" data-e-type=\"container\">\n\t\t\t\t\t<div class=\"e-con-inner\">\n\t\t<div class=\"elementor-element elementor-element-60c1f43a e-con-full e-flex e-con e-child\" data-id=\"60c1f43a\" data-element_type=\"container\" data-e-type=\"container\">\n\t\t\t\t<div class=\"elementor-element elementor-element-7455b4c7 elementor-widget elementor-widget-heading\" data-id=\"7455b4c7\" data-element_type=\"widget\" data-e-type=\"widget\" data-widget_type=\"heading.default\">\n\t\t\t\t\t<h3 class=\"elementor-heading-title elementor-size-default\">Get in touch<\/h3>\t\t\t\t<\/div>\n\t\t\t\t<div class=\"elementor-element elementor-element-2b47f8d2 elementor-widget elementor-widget-text-editor\" data-id=\"2b47f8d2\" data-element_type=\"widget\" data-e-type=\"widget\" data-widget_type=\"text-editor.default\">\n\t\t\t\t\t\t\t\t\t<p>Das ist deine Chance mehr zu erfahren. Ich w\u00fcrde mich sehr freuen all deine noch offenen Fragen beantworten zu d\u00fcrfen.<\/p>\t\t\t\t\t\t\t\t<\/div>\n\t\t\t\t<div class=\"elementor-element elementor-element-13c6f463 elementor-widget elementor-widget-button\" data-id=\"13c6f463\" data-element_type=\"widget\" data-e-type=\"widget\" data-widget_type=\"button.default\">\n\t\t\t\t\t\t\t\t\t\t<a class=\"elementor-button elementor-button-link elementor-size-sm\" href=\"https:\/\/nrh-fotografie.de\/contact-2\/\">\n\t\t\t\t\t\t<span class=\"elementor-button-content-wrapper\">\n\t\t\t\t\t\t<span class=\"elementor-button-icon\">\n\t\t\t\t<svg aria-hidden=\"true\" class=\"e-font-icon-svg e-fas-long-arrow-alt-right\" viewBox=\"0 0 448 512\" xmlns=\"http:\/\/www.w3.org\/2000\/svg\"><path d=\"M313.941 216H12c-6.627 0-12 5.373-12 12v56c0 6.627 5.373 12 12 12h301.941v46.059c0 21.382 25.851 32.09 40.971 16.971l86.059-86.059c9.373-9.373 9.373-24.569 0-33.941l-86.059-86.059c-15.119-15.119-40.971-4.411-40.971 16.971V216z\"><\/path><\/svg>\t\t\t<\/span>\n\t\t\t\t\t\t\t\t\t<span class=\"elementor-button-text\">contact me<\/span>\n\t\t\t\t\t<\/span>\n\t\t\t\t\t<\/a>\n\t\t\t\t\t\t\t\t<\/div>\n\t\t\t\t<\/div>\n\t\t\t\t<div class=\"elementor-element elementor-element-ca33364 elementor-widget-tablet__width-initial elementor-widget elementor-widget-image\" data-id=\"ca33364\" data-element_type=\"widget\" data-e-type=\"widget\" data-widget_type=\"image.default\">\n\t\t\t\t\t\t\t\t\t\t\t\t\t\t\t<img decoding=\"async\" width=\"800\" height=\"808\" src=\"https:\/\/nrh-fotografie.de\/wp-content\/uploads\/2025\/11\/ExperienceWorkshopMallorca_0845-1-scaled-e1762634630176-1014x1024.webp\" class=\"attachment-large size-large wp-image-366\" alt=\"\" srcset=\"https:\/\/nrh-fotografie.de\/wp-content\/uploads\/2025\/11\/ExperienceWorkshopMallorca_0845-1-scaled-e1762634630176-1014x1024.webp 1014w, https:\/\/nrh-fotografie.de\/wp-content\/uploads\/2025\/11\/ExperienceWorkshopMallorca_0845-1-scaled-e1762634630176-297x300.webp 297w, https:\/\/nrh-fotografie.de\/wp-content\/uploads\/2025\/11\/ExperienceWorkshopMallorca_0845-1-scaled-e1762634630176-768x775.webp 768w, https:\/\/nrh-fotografie.de\/wp-content\/uploads\/2025\/11\/ExperienceWorkshopMallorca_0845-1-scaled-e1762634630176-1522x1536.webp 1522w, https:\/\/nrh-fotografie.de\/wp-content\/uploads\/2025\/11\/ExperienceWorkshopMallorca_0845-1-scaled-e1762634630176.webp 1694w\" sizes=\"(max-width: 800px) 100vw, 800px\" \/>\t\t\t\t\t\t\t\t\t\t\t\t\t\t\t<\/div>\n\t\t\t\t\t<\/div>\n\t\t\t\t<\/div>\n\t\t\t\t<\/div>\n\t\t","protected":false},"excerpt":{"rendered":"<p>It&#8217;s MeBased in Mainz Hi, ich bin Nicole Emotionen aus Leidenschaft einfangen Ich halte mit meinen Fotos einzigartige Geschichten f\u00fcr die Ewigkeit fest.\u00a0 \u00a0 Jeder der mich bereits kennengelernt habt, wei\u00df, dass ich mit gro\u00dfer Verantwortung, Leidenschaft und viel Liebe zum Detail Momente betrachte. Jeder Mensch ist individuell.\u00a0\u00a0Jeder bringt seine eigene Geschichte mit. Manche tragen [&hellip;]<\/p>\n","protected":false},"author":1,"featured_media":0,"parent":0,"menu_order":0,"comment_status":"closed","ping_status":"closed","template":"elementor_header_footer","meta":{"footnotes":""},"class_list":["post-1345","page","type-page","status-publish","hentry"],"_links":{"self":[{"href":"https:\/\/nrh-fotografie.de\/en\/wp-json\/wp\/v2\/pages\/1345","targetHints":{"allow":["GET"]}}],"collection":[{"href":"https:\/\/nrh-fotografie.de\/en\/wp-json\/wp\/v2\/pages"}],"about":[{"href":"https:\/\/nrh-fotografie.de\/en\/wp-json\/wp\/v2\/types\/page"}],"author":[{"embeddable":true,"href":"https:\/\/nrh-fotografie.de\/en\/wp-json\/wp\/v2\/users\/1"}],"replies":[{"embeddable":true,"href":"https:\/\/nrh-fotografie.de\/en\/wp-json\/wp\/v2\/comments?post=1345"}],"version-history":[{"count":205,"href":"https:\/\/nrh-fotografie.de\/en\/wp-json\/wp\/v2\/pages\/1345\/revisions"}],"predecessor-version":[{"id":4555,"href":"https:\/\/nrh-fotografie.de\/en\/wp-json\/wp\/v2\/pages\/1345\/revisions\/4555"}],"wp:attachment":[{"href":"https:\/\/nrh-fotografie.de\/en\/wp-json\/wp\/v2\/media?parent=1345"}],"curies":[{"name":"wp","href":"https:\/\/api.w.org\/{rel}","templated":true}]}}