{"id":184,"date":"2025-11-07T10:53:58","date_gmt":"2025-11-07T10:53:58","guid":{"rendered":"https:\/\/nrh-fotografie.de\/?page_id=184"},"modified":"2026-01-14T21:42:07","modified_gmt":"2026-01-14T21:42:07","slug":"impressum","status":"publish","type":"page","link":"https:\/\/nrh-fotografie.de\/en\/impressum\/","title":{"rendered":"imprint"},"content":{"rendered":"<div data-elementor-type=\"wp-page\" data-elementor-id=\"184\" class=\"elementor elementor-184\" data-elementor-post-type=\"page\">\n\t\t\t\t<div class=\"elementor-element elementor-element-de48773 e-flex e-con-boxed e-con e-parent\" data-id=\"de48773\" data-element_type=\"container\" data-e-type=\"container\" data-settings=\"{&quot;background_background&quot;:&quot;classic&quot;}\">\n\t\t\t\t\t<div class=\"e-con-inner\">\n\t\t\t\t<div class=\"elementor-element elementor-element-0a6b4a4 elementor-widget-tablet__width-initial elementor-widget elementor-widget-heading\" data-id=\"0a6b4a4\" data-element_type=\"widget\" data-e-type=\"widget\" data-widget_type=\"heading.default\">\n\t\t\t\t\t<h2 class=\"elementor-heading-title elementor-size-default\">imprint<\/h2>\t\t\t\t<\/div>\n\t\t\t\t<div class=\"elementor-element elementor-element-df96dfe elementor-widget-tablet__width-initial elementor-widget elementor-widget-text-editor\" data-id=\"df96dfe\" data-element_type=\"widget\" data-e-type=\"widget\" data-widget_type=\"text-editor.default\">\n\t\t\t\t\t\t\t\t\t<h6><strong>Information according to \u00a7 5 TMG:<\/strong><\/h6><p>NRH &#8211; Fotografie<\/p><h6><strong>Postal address:<\/strong><\/h6><p>Lilienweg 2<br \/>55126 Mainz<\/p><h6><strong>E-Mail:\u00a0<\/strong><\/h6><p><span \n                data-original-string='gWJ5+AeoikS+xEkFa6QRew==15fmdHiJ3ndJXaHtR2iYKnLdNYX2Bqje8cPntpOcq+pJvM='\n                class='apbct-email-encoder'\n                title='This contact has been encoded by Anti-Spam by CleanTalk. Click to decode. To finish the decoding make sure that JavaScript is enabled in your browser.'>in<span class=\"apbct-blur\">**<\/span>@<span class=\"apbct-blur\">************<\/span>ie.de<\/span><\/p><h6><strong>Represented by:<\/strong><\/h6><p style=\"font-weight: 400;\">Nicole Rupp-H\u00e4rter<\/p><h6 class=\"translation-block\"><strong>Professional information, <\/strong><strong>Responsible chamber:<\/strong><\/h6><p style=\"font-weight: 400;\">Handwerkskammer Rheinhessen<\/p><h6><strong>Approved for:<\/strong><\/h6><p style=\"font-weight: 400;\" class=\"translation-block\">Law regulating the trades <a href=\"http:\/\/www.bundesrecht.juris.de\/bundesrecht\/hwo\/OLL.pdf\" target=\"_self\">www.bundesrecht.juris.de\/bundesrecht\/hwo\/OLL.pdf<\/a><br>Ordinance on vocational training to become a photographer and<br>photographer (Photography Trade Training Ordinance - FotoAusbV)<br><a href=\"https:\/\/www.gesetze-im-internet.de\/fotoausbv_2009\/FotoAusbV.pdf\" target=\"_self\">https:\/\/www.gesetze-im-internet.de\/fotoausbv_2009\/FotoAusbV.pdf<\/a><br>Germany<\/p><h6><strong>Image usage:<\/strong><\/h6><p style=\"font-weight: 400;\">Bilder mit Credit und Link auf &#8222;www.nrh-fotografie.de&#8220; verlinken<\/p><p style=\"font-weight: 400;\"><i><em>Das Impressum wurde mit dem\u00a0<a href=\"https:\/\/www.activemind.de\/datenschutz\/impressums-generator\/\" target=\"_blank\" rel=\"noopener\">Impressums-Generator der activeMind AG<\/a>\u00a0erstellt.<\/em><\/i><\/p><h5><strong>Disclaimer<\/strong><\/h5><h6><strong>Liability for content<\/strong><\/h6><p style=\"font-weight: 400;\">As a service provider, we are responsible for our own content on these pages in accordance with general laws in accordance with Section 7 Paragraph 1 TMG. However, according to Sections 8 to 10 TMG, as a service provider we are not obliged to monitor transmitted or stored third-party information or to investigate circumstances that indicate illegal activity.<\/p><p style=\"font-weight: 400;\">Obligations to remove or block the use of information in accordance with general law remain unaffected. However, liability in this regard is only possible from the time of knowledge of a specific legal violation. If we become aware of any corresponding legal violations, we will immediately remove this content.<\/p><h6><strong>Liability for links<\/strong><\/h6><p style=\"font-weight: 400;\">Our offer contains links to external third-party websites over whose content we have no influence. We therefore cannot assume any liability for this external content. The respective provider or operator of the pages is always responsible for the content of the linked pages. The linked pages were checked for possible legal violations at the time of linking. Illegal content was not apparent at the time of linking.<\/p><p style=\"font-weight: 400;\">Eine permanente inhaltliche Kontrolle der verlinkten Seiten ist jedoch ohne konkrete Anhaltspunkte einer Rechtsverletzung nicht zumutbar. Bei Bekanntwerden von Rechtsverletzungen werden wir derartige Links umgehend entfernen.<\/p><h6><strong>Copyright<\/strong><\/h6><p style=\"font-weight: 400;\">The content and works on these pages created by the site operators are subject to German copyright law. Reproduction, processing, distribution and any kind of exploitation outside the limits of copyright law require the written consent of the respective author or creator. Downloads and copies of this page are only permitted for private, non-commercial use.<\/p><p style=\"font-weight: 400;\">If the content on this site was not created by the operator, the copyrights of third parties are respected. In particular, third-party content is marked as such. Should you nevertheless become aware of a copyright infringement, we ask that you notify us accordingly. If we become aware of any legal violations, we will immediately remove such content.<\/p><p style=\"font-weight: 400;\"><em>Source reference:\u00a0<a href=\"https:\/\/www.e-recht24.de\" target=\"_blank\" rel=\"noopener\">https:\/\/www.e-recht24.de<\/a><\/em><\/p>\t\t\t\t\t\t\t\t<\/div>\n\t\t\t\t\t<\/div>\n\t\t\t\t<\/div>\n\t\t<div class=\"elementor-element elementor-element-28cfb2f e-flex e-con-boxed e-con e-parent\" data-id=\"28cfb2f\" data-element_type=\"container\" data-e-type=\"container\">\n\t\t\t\t\t<div class=\"e-con-inner\">\n\t\t\t\t\t<\/div>\n\t\t\t\t<\/div>\n\t\t\t\t<\/div>","protected":false},"excerpt":{"rendered":"<p>Impressum Angaben gem\u00e4\u00df \u00a7 5 TMG: NRH &#8211; Fotografie Postanschrift: Lilienweg 255126 Mainz E-Mail:\u00a0 in**@************ie.de Vertreten durch: Nicole Rupp-H\u00e4rter Berufsrechtliche Angaben, Zust\u00e4ndige Kammer: Handwerkskammer Rheinhessen Zugelassen f\u00fcr: Gesetz zur Ordnung des Handwerks\u00a0www.bundesrecht.juris.de\/bundesrecht\/hwo\/gesamt.pdfVerordnung \u00fcber die Berufsausbildung zum Fotografen undzur Fotografin (Fotografiergewerbe-Ausbildungsverordnung &#8211; FotoAusbV)https:\/\/www.gesetze-im-internet.de\/fotoausbv_2009\/FotoAusbV.pdfDeutschland Bildernutzung: Bilder mit Credit und Link auf &#8222;www.nrh-fotografie.de&#8220; verlinken Das Impressum wurde mit [&hellip;]<\/p>\n","protected":false},"author":1,"featured_media":0,"parent":0,"menu_order":0,"comment_status":"closed","ping_status":"closed","template":"elementor_header_footer","meta":{"footnotes":""},"class_list":["post-184","page","type-page","status-publish","hentry"],"_links":{"self":[{"href":"https:\/\/nrh-fotografie.de\/en\/wp-json\/wp\/v2\/pages\/184","targetHints":{"allow":["GET"]}}],"collection":[{"href":"https:\/\/nrh-fotografie.de\/en\/wp-json\/wp\/v2\/pages"}],"about":[{"href":"https:\/\/nrh-fotografie.de\/en\/wp-json\/wp\/v2\/types\/page"}],"author":[{"embeddable":true,"href":"https:\/\/nrh-fotografie.de\/en\/wp-json\/wp\/v2\/users\/1"}],"replies":[{"embeddable":true,"href":"https:\/\/nrh-fotografie.de\/en\/wp-json\/wp\/v2\/comments?post=184"}],"version-history":[{"count":43,"href":"https:\/\/nrh-fotografie.de\/en\/wp-json\/wp\/v2\/pages\/184\/revisions"}],"predecessor-version":[{"id":3649,"href":"https:\/\/nrh-fotografie.de\/en\/wp-json\/wp\/v2\/pages\/184\/revisions\/3649"}],"wp:attachment":[{"href":"https:\/\/nrh-fotografie.de\/en\/wp-json\/wp\/v2\/media?parent=184"}],"curies":[{"name":"wp","href":"https:\/\/api.w.org\/{rel}","templated":true}]}}